{"id":24377,"date":"2023-08-09T14:50:57","date_gmt":"2023-08-09T12:50:57","guid":{"rendered":"https:\/\/www.schwarz-matt.com\/?page_id=24377"},"modified":"2023-08-16T11:28:56","modified_gmt":"2023-08-16T09:28:56","slug":"ad-girls-club","status":"publish","type":"page","link":"https:\/\/www.schwarz-matt.com\/de\/ueber-uns\/ad-girls-club\/","title":{"rendered":"Ad Girls Club"},"content":{"rendered":"\t\t<div data-elementor-type=\"wp-page\" data-elementor-id=\"24377\" class=\"elementor elementor-24377\" data-elementor-post-type=\"page\">\n\t\t\t\t<div class=\"elementor-element elementor-element-ad10c50 e-con-full e-flex e-con e-parent\" data-id=\"ad10c50\" data-element_type=\"container\" data-e-type=\"container\">\n\t\t\t\t<div class=\"elementor-element elementor-element-7121a5a elementor-widget-tablet__width-inherit elementor-invisible elementor-widget elementor-widget-heading\" data-id=\"7121a5a\" data-element_type=\"widget\" data-e-type=\"widget\" data-settings=\"{&quot;_animation&quot;:&quot;fadeIn&quot;,&quot;_animation_delay&quot;:100}\" data-widget_type=\"heading.default\">\n\t\t\t\t<div class=\"elementor-widget-container\">\n\t\t\t\t\t<h1 class=\"elementor-heading-title elementor-size-default\">Ad Girls Club<\/h1>\t\t\t\t<\/div>\n\t\t\t\t<\/div>\n\t\t\t\t<div class=\"elementor-element elementor-element-4a2c6c1 elementor-widget-tablet__width-inherit elementor-invisible elementor-widget elementor-widget-heading\" data-id=\"4a2c6c1\" data-element_type=\"widget\" data-e-type=\"widget\" data-settings=\"{&quot;_animation&quot;:&quot;fadeIn&quot;,&quot;_animation_delay&quot;:100}\" data-widget_type=\"heading.default\">\n\t\t\t\t<div class=\"elementor-widget-container\">\n\t\t\t\t\t<h2 class=\"elementor-heading-title elementor-size-default\">Gegen Sexismus in der Agentur&shy;branche<\/h2>\t\t\t\t<\/div>\n\t\t\t\t<\/div>\n\t\t\t\t<div class=\"elementor-element elementor-element-b4d4bcd elementor-widget__width-initial elementor-widget-mobile__width-inherit elementor-widget-tablet__width-inherit elementor-invisible elementor-widget elementor-widget-text-editor\" data-id=\"b4d4bcd\" data-element_type=\"widget\" data-e-type=\"widget\" data-settings=\"{&quot;_animation&quot;:&quot;fadeIn&quot;,&quot;_animation_delay&quot;:200}\" data-widget_type=\"text-editor.default\">\n\t\t\t\t<div class=\"elementor-widget-container\">\n\t\t\t\t\t\t\t\t\t<p>Wir halten nichts von Sexismus und m\u00f6chten die Agenturbranche<br \/>nachhaltig ver\u00e4ndern und vor allem verbessern. Deshalb haben wir das Ad Girls Club-Manifest unterschrieben.<\/p>\t\t\t\t\t\t\t\t<\/div>\n\t\t\t\t<\/div>\n\t\t\t\t<\/div>\n\t\t<div class=\"elementor-element elementor-element-07ba918 e-con-full e-flex e-con e-parent\" data-id=\"07ba918\" data-element_type=\"container\" data-e-type=\"container\">\n\t\t<div class=\"elementor-element elementor-element-3b74c14 e-con-full e-flex e-con e-parent\" data-id=\"3b74c14\" data-element_type=\"container\" data-e-type=\"container\">\n\t\t<div class=\"elementor-element elementor-element-d65e430 e-con-full e-flex e-con e-parent\" data-id=\"d65e430\" data-element_type=\"container\" data-e-type=\"container\">\n\t\t\t\t<div class=\"elementor-element elementor-element-b14886b elementor-widget-tablet__width-inherit elementor-invisible elementor-widget elementor-widget-heading\" data-id=\"b14886b\" data-element_type=\"widget\" data-e-type=\"widget\" data-settings=\"{&quot;_animation&quot;:&quot;fadeIn&quot;,&quot;_animation_delay&quot;:100}\" data-widget_type=\"heading.default\">\n\t\t\t\t<div class=\"elementor-widget-container\">\n\t\t\t\t\t<h3 class=\"elementor-heading-title elementor-size-default\">Daf\u00fcr setzen wir uns ein:<\/h3>\t\t\t\t<\/div>\n\t\t\t\t<\/div>\n\t\t\t\t<\/div>\n\t\t<div class=\"elementor-element elementor-element-2e5a3cc e-con-full e-flex e-con e-parent\" data-id=\"2e5a3cc\" data-element_type=\"container\" data-e-type=\"container\">\n\t\t<div class=\"elementor-element elementor-element-1cb14b9 e-flex e-con-boxed e-con e-parent\" data-id=\"1cb14b9\" data-element_type=\"container\" data-e-type=\"container\">\n\t\t\t\t\t<div class=\"e-con-inner\">\n\t\t\t\t<div class=\"elementor-element elementor-element-f8494f9 elementor-widget__width-initial elementor-widget-tablet__width-inherit elementor-invisible elementor-widget elementor-widget-heading\" data-id=\"f8494f9\" data-element_type=\"widget\" data-e-type=\"widget\" data-settings=\"{&quot;_animation&quot;:&quot;fadeIn&quot;,&quot;_animation_delay&quot;:100}\" data-widget_type=\"heading.default\">\n\t\t\t\t<div class=\"elementor-widget-container\">\n\t\t\t\t\t<h3 class=\"elementor-heading-title elementor-size-default\">Frauen&shy;quote<\/h3>\t\t\t\t<\/div>\n\t\t\t\t<\/div>\n\t\t\t\t<div class=\"elementor-element elementor-element-143723e footer-link elementor-invisible elementor-widget elementor-widget-text-editor\" data-id=\"143723e\" data-element_type=\"widget\" data-e-type=\"widget\" data-settings=\"{&quot;_animation&quot;:&quot;fadeIn&quot;,&quot;_animation_delay&quot;:100}\" data-widget_type=\"text-editor.default\">\n\t\t\t\t<div class=\"elementor-widget-container\">\n\t\t\t\t\t\t\t\t\t<p>Wir setzen uns fu\u0308r eine Frauenquote von 50% ab<br \/>Director-Leve ein. Nicht mehr, nicht weniger.<\/p>\t\t\t\t\t\t\t\t<\/div>\n\t\t\t\t<\/div>\n\t\t\t\t\t<\/div>\n\t\t\t\t<\/div>\n\t\t<div class=\"elementor-element elementor-element-5b5c535 e-flex e-con-boxed e-con e-parent\" data-id=\"5b5c535\" data-element_type=\"container\" data-e-type=\"container\">\n\t\t\t\t\t<div class=\"e-con-inner\">\n\t\t\t\t<div class=\"elementor-element elementor-element-0dbb0c7 elementor-widget__width-initial elementor-widget-tablet__width-inherit elementor-invisible elementor-widget elementor-widget-heading\" data-id=\"0dbb0c7\" data-element_type=\"widget\" data-e-type=\"widget\" data-settings=\"{&quot;_animation&quot;:&quot;fadeIn&quot;,&quot;_animation_delay&quot;:100}\" data-widget_type=\"heading.default\">\n\t\t\t\t<div class=\"elementor-widget-container\">\n\t\t\t\t\t<h3 class=\"elementor-heading-title elementor-size-default\">Lohn&shy;gleichheit<\/h3>\t\t\t\t<\/div>\n\t\t\t\t<\/div>\n\t\t\t\t<div class=\"elementor-element elementor-element-52c00a0 footer-link elementor-invisible elementor-widget elementor-widget-text-editor\" data-id=\"52c00a0\" data-element_type=\"widget\" data-e-type=\"widget\" data-settings=\"{&quot;_animation&quot;:&quot;fadeIn&quot;,&quot;_animation_delay&quot;:100}\" data-widget_type=\"text-editor.default\">\n\t\t\t\t<div class=\"elementor-widget-container\">\n\t\t\t\t\t\t\t\t\t<p>Wir eliminieren das Gender-Pay-Gap. Lohngleichheit<br \/>wird regelm\u00e4\u00dfig von uns u\u0308berpru\u0308ft.<\/p>\t\t\t\t\t\t\t\t<\/div>\n\t\t\t\t<\/div>\n\t\t\t\t\t<\/div>\n\t\t\t\t<\/div>\n\t\t<div class=\"elementor-element elementor-element-1f2fc0f e-flex e-con-boxed e-con e-parent\" data-id=\"1f2fc0f\" data-element_type=\"container\" data-e-type=\"container\">\n\t\t\t\t\t<div class=\"e-con-inner\">\n\t\t\t\t<div class=\"elementor-element elementor-element-be05299 elementor-widget__width-initial elementor-widget-tablet__width-inherit elementor-invisible elementor-widget elementor-widget-heading\" data-id=\"be05299\" data-element_type=\"widget\" data-e-type=\"widget\" data-settings=\"{&quot;_animation&quot;:&quot;fadeIn&quot;,&quot;_animation_delay&quot;:100}\" data-widget_type=\"heading.default\">\n\t\t\t\t<div class=\"elementor-widget-container\">\n\t\t\t\t\t<h3 class=\"elementor-heading-title elementor-size-default\">Gender&shy;neutrale Sprache<\/h3>\t\t\t\t<\/div>\n\t\t\t\t<\/div>\n\t\t\t\t<div class=\"elementor-element elementor-element-5a84b7f footer-link elementor-invisible elementor-widget elementor-widget-text-editor\" data-id=\"5a84b7f\" data-element_type=\"widget\" data-e-type=\"widget\" data-settings=\"{&quot;_animation&quot;:&quot;fadeIn&quot;,&quot;_animation_delay&quot;:100}\" data-widget_type=\"text-editor.default\">\n\t\t\t\t<div class=\"elementor-widget-container\">\n\t\t\t\t\t\t\t\t\t<p>Wir setzen auf genderneutrale Sprache, da sie in der<br \/>Werbebranche zum Normalfall werden muss.<\/p>\t\t\t\t\t\t\t\t<\/div>\n\t\t\t\t<\/div>\n\t\t\t\t\t<\/div>\n\t\t\t\t<\/div>\n\t\t<div class=\"elementor-element elementor-element-ee25c90 e-flex e-con-boxed e-con e-parent\" data-id=\"ee25c90\" data-element_type=\"container\" data-e-type=\"container\">\n\t\t\t\t\t<div class=\"e-con-inner\">\n\t\t\t\t<div class=\"elementor-element elementor-element-f9ed83a elementor-widget__width-initial elementor-widget-tablet__width-inherit elementor-invisible elementor-widget elementor-widget-heading\" data-id=\"f9ed83a\" data-element_type=\"widget\" data-e-type=\"widget\" data-settings=\"{&quot;_animation&quot;:&quot;fadeIn&quot;,&quot;_animation_delay&quot;:100}\" data-widget_type=\"heading.default\">\n\t\t\t\t<div class=\"elementor-widget-container\">\n\t\t\t\t\t<h3 class=\"elementor-heading-title elementor-size-default\">Kind und Karriere<\/h3>\t\t\t\t<\/div>\n\t\t\t\t<\/div>\n\t\t\t\t<div class=\"elementor-element elementor-element-7f07c8d footer-link elementor-invisible elementor-widget elementor-widget-text-editor\" data-id=\"7f07c8d\" data-element_type=\"widget\" data-e-type=\"widget\" data-settings=\"{&quot;_animation&quot;:&quot;fadeIn&quot;,&quot;_animation_delay&quot;:100}\" data-widget_type=\"text-editor.default\">\n\t\t\t\t<div class=\"elementor-widget-container\">\n\t\t\t\t\t\t\t\t\t<p>Wir schaffen bestm\u00f6gliche Voraussetzungen fu\u0308r Eltern.<br \/>Teilzeit wird bei uns nicht zum Karriereknick.<\/p>\t\t\t\t\t\t\t\t<\/div>\n\t\t\t\t<\/div>\n\t\t\t\t\t<\/div>\n\t\t\t\t<\/div>\n\t\t\t\t<div class=\"elementor-element elementor-element-afe60d2 elementor-invisible elementor-widget elementor-widget-text-editor\" data-id=\"afe60d2\" data-element_type=\"widget\" data-e-type=\"widget\" data-settings=\"{&quot;_animation&quot;:&quot;fadeIn&quot;,&quot;_animation_delay&quot;:100}\" data-widget_type=\"text-editor.default\">\n\t\t\t\t<div class=\"elementor-widget-container\">\n\t\t\t\t\t\t\t\t\t<p>Mehr Infos auf\u00a0<a href=\"https:\/\/www.adgirlsclub.de\/\" target=\"_blank\" rel=\"noopener\"> www.adgirlsclub.de<\/a><\/p>\t\t\t\t\t\t\t\t<\/div>\n\t\t\t\t<\/div>\n\t\t\t\t<\/div>\n\t\t\t\t<\/div>\n\t\t\t\t<\/div>\n\t\t\t\t<\/div>\n\t\t","protected":false},"excerpt":{"rendered":"<p>Ad Girls Club Gegen Sexismus in der Agentur&shy;branche Wir halten nichts von Sexismus und m\u00f6chten die Agenturbranchenachhaltig ver\u00e4ndern und vor allem verbessern. Deshalb haben wir das Ad Girls Club-Manifest unterschrieben. Daf\u00fcr setzen wir uns ein: Frauen&shy;quote Wir setzen uns fu\u0308r eine Frauenquote von 50% abDirector-Leve ein. Nicht mehr, nicht weniger. Lohn&shy;gleichheit Wir eliminieren das Gender-Pay-Gap. [&hellip;]<\/p>\n","protected":false},"author":3,"featured_media":0,"parent":17,"menu_order":0,"comment_status":"closed","ping_status":"closed","template":"","meta":{"footnotes":""},"class_list":["post-24377","page","type-page","status-publish","hentry"],"yoast_head":"<!-- This site is optimized with the Yoast SEO Premium plugin v27.3 (Yoast SEO v27.5) - https:\/\/yoast.com\/product\/yoast-seo-premium-wordpress\/ -->\n<title>Ad Girls Club - Schwarz+Matt<\/title>\n<meta name=\"description\" content=\"Wir halten nichts von Sexismus in der Agenturbranche. Deshalb haben wir das Ad Girls Club-Manifest unterschrieben.\" \/>\n<meta name=\"robots\" content=\"index, follow, max-snippet:-1, max-image-preview:large, max-video-preview:-1\" \/>\n<link rel=\"canonical\" href=\"https:\/\/www.schwarz-matt.com\/de\/ueber-uns\/ad-girls-club\/\" \/>\n<meta property=\"og:locale\" content=\"de_DE\" \/>\n<meta property=\"og:type\" content=\"article\" \/>\n<meta property=\"og:title\" content=\"Ad Girls Club\" \/>\n<meta property=\"og:description\" content=\"Wir halten nichts von Sexismus in der Agenturbranche. Deshalb haben wir das Ad Girls Club-Manifest unterschrieben.\" \/>\n<meta property=\"og:url\" content=\"https:\/\/www.schwarz-matt.com\/de\/ueber-uns\/ad-girls-club\/\" \/>\n<meta property=\"og:site_name\" content=\"Schwarz+Matt\" \/>\n<meta property=\"article:modified_time\" content=\"2023-08-16T09:28:56+00:00\" \/>\n<meta name=\"twitter:card\" content=\"summary_large_image\" \/>\n<meta name=\"twitter:label1\" content=\"Gesch\u00e4tzte Lesezeit\" \/>\n\t<meta name=\"twitter:data1\" content=\"3\u00a0Minuten\" \/>\n<script type=\"application\/ld+json\" class=\"yoast-schema-graph\">{\"@context\":\"https:\\\/\\\/schema.org\",\"@graph\":[{\"@type\":\"WebPage\",\"@id\":\"https:\\\/\\\/www.schwarz-matt.com\\\/de\\\/ueber-uns\\\/ad-girls-club\\\/\",\"url\":\"https:\\\/\\\/www.schwarz-matt.com\\\/de\\\/ueber-uns\\\/ad-girls-club\\\/\",\"name\":\"Ad Girls Club - Schwarz+Matt\",\"isPartOf\":{\"@id\":\"https:\\\/\\\/www.schwarz-matt.com\\\/de\\\/#website\"},\"datePublished\":\"2023-08-09T12:50:57+00:00\",\"dateModified\":\"2023-08-16T09:28:56+00:00\",\"description\":\"Wir halten nichts von Sexismus in der Agenturbranche. Deshalb haben wir das Ad Girls Club-Manifest unterschrieben.\",\"breadcrumb\":{\"@id\":\"https:\\\/\\\/www.schwarz-matt.com\\\/de\\\/ueber-uns\\\/ad-girls-club\\\/#breadcrumb\"},\"inLanguage\":\"de\",\"potentialAction\":[{\"@type\":\"ReadAction\",\"target\":[\"https:\\\/\\\/www.schwarz-matt.com\\\/de\\\/ueber-uns\\\/ad-girls-club\\\/\"]}]},{\"@type\":\"BreadcrumbList\",\"@id\":\"https:\\\/\\\/www.schwarz-matt.com\\\/de\\\/ueber-uns\\\/ad-girls-club\\\/#breadcrumb\",\"itemListElement\":[{\"@type\":\"ListItem\",\"position\":1,\"name\":\"Startseite\",\"item\":\"https:\\\/\\\/www.schwarz-matt.com\\\/de\\\/\"},{\"@type\":\"ListItem\",\"position\":2,\"name\":\"\u00dcber uns\",\"item\":\"https:\\\/\\\/www.schwarz-matt.com\\\/de\\\/ueber-uns\\\/\"},{\"@type\":\"ListItem\",\"position\":3,\"name\":\"Ad Girls Club\"}]},{\"@type\":\"WebSite\",\"@id\":\"https:\\\/\\\/www.schwarz-matt.com\\\/de\\\/#website\",\"url\":\"https:\\\/\\\/www.schwarz-matt.com\\\/de\\\/\",\"name\":\"Schwarz+Matt\",\"description\":\"Marken f\u00fcr Morgen\",\"publisher\":{\"@id\":\"https:\\\/\\\/www.schwarz-matt.com\\\/de\\\/#organization\"},\"potentialAction\":[{\"@type\":\"SearchAction\",\"target\":{\"@type\":\"EntryPoint\",\"urlTemplate\":\"https:\\\/\\\/www.schwarz-matt.com\\\/de\\\/?s={search_term_string}\"},\"query-input\":{\"@type\":\"PropertyValueSpecification\",\"valueRequired\":true,\"valueName\":\"search_term_string\"}}],\"inLanguage\":\"de\"},{\"@type\":\"Organization\",\"@id\":\"https:\\\/\\\/www.schwarz-matt.com\\\/de\\\/#organization\",\"name\":\"Schwarz+Matt\",\"url\":\"https:\\\/\\\/www.schwarz-matt.com\\\/de\\\/\",\"logo\":{\"@type\":\"ImageObject\",\"inLanguage\":\"de\",\"@id\":\"https:\\\/\\\/www.schwarz-matt.com\\\/de\\\/#\\\/schema\\\/logo\\\/image\\\/\",\"url\":\"https:\\\/\\\/www.schwarz-matt.com\\\/wp-content\\\/uploads\\\/2021\\\/10\\\/schwarzmatt-logo.svg\",\"contentUrl\":\"https:\\\/\\\/www.schwarz-matt.com\\\/wp-content\\\/uploads\\\/2021\\\/10\\\/schwarzmatt-logo.svg\",\"width\":209,\"height\":24,\"caption\":\"Schwarz+Matt\"},\"image\":{\"@id\":\"https:\\\/\\\/www.schwarz-matt.com\\\/de\\\/#\\\/schema\\\/logo\\\/image\\\/\"},\"sameAs\":[\"https:\\\/\\\/www.instagram.com\\\/schwarzundmatt\\\/\",\"https:\\\/\\\/www.linkedin.com\\\/company\\\/10777030\\\/\"]}]}<\/script>\n<!-- \/ Yoast SEO Premium plugin. -->","yoast_head_json":{"title":"Ad Girls Club - Schwarz+Matt","description":"Wir halten nichts von Sexismus in der Agenturbranche. Deshalb haben wir das Ad Girls Club-Manifest unterschrieben.","robots":{"index":"index","follow":"follow","max-snippet":"max-snippet:-1","max-image-preview":"max-image-preview:large","max-video-preview":"max-video-preview:-1"},"canonical":"https:\/\/www.schwarz-matt.com\/de\/ueber-uns\/ad-girls-club\/","og_locale":"de_DE","og_type":"article","og_title":"Ad Girls Club","og_description":"Wir halten nichts von Sexismus in der Agenturbranche. Deshalb haben wir das Ad Girls Club-Manifest unterschrieben.","og_url":"https:\/\/www.schwarz-matt.com\/de\/ueber-uns\/ad-girls-club\/","og_site_name":"Schwarz+Matt","article_modified_time":"2023-08-16T09:28:56+00:00","twitter_card":"summary_large_image","twitter_misc":{"Gesch\u00e4tzte Lesezeit":"3\u00a0Minuten"},"schema":{"@context":"https:\/\/schema.org","@graph":[{"@type":"WebPage","@id":"https:\/\/www.schwarz-matt.com\/de\/ueber-uns\/ad-girls-club\/","url":"https:\/\/www.schwarz-matt.com\/de\/ueber-uns\/ad-girls-club\/","name":"Ad Girls Club - Schwarz+Matt","isPartOf":{"@id":"https:\/\/www.schwarz-matt.com\/de\/#website"},"datePublished":"2023-08-09T12:50:57+00:00","dateModified":"2023-08-16T09:28:56+00:00","description":"Wir halten nichts von Sexismus in der Agenturbranche. Deshalb haben wir das Ad Girls Club-Manifest unterschrieben.","breadcrumb":{"@id":"https:\/\/www.schwarz-matt.com\/de\/ueber-uns\/ad-girls-club\/#breadcrumb"},"inLanguage":"de","potentialAction":[{"@type":"ReadAction","target":["https:\/\/www.schwarz-matt.com\/de\/ueber-uns\/ad-girls-club\/"]}]},{"@type":"BreadcrumbList","@id":"https:\/\/www.schwarz-matt.com\/de\/ueber-uns\/ad-girls-club\/#breadcrumb","itemListElement":[{"@type":"ListItem","position":1,"name":"Startseite","item":"https:\/\/www.schwarz-matt.com\/de\/"},{"@type":"ListItem","position":2,"name":"\u00dcber uns","item":"https:\/\/www.schwarz-matt.com\/de\/ueber-uns\/"},{"@type":"ListItem","position":3,"name":"Ad Girls Club"}]},{"@type":"WebSite","@id":"https:\/\/www.schwarz-matt.com\/de\/#website","url":"https:\/\/www.schwarz-matt.com\/de\/","name":"Schwarz+Matt","description":"Marken f\u00fcr Morgen","publisher":{"@id":"https:\/\/www.schwarz-matt.com\/de\/#organization"},"potentialAction":[{"@type":"SearchAction","target":{"@type":"EntryPoint","urlTemplate":"https:\/\/www.schwarz-matt.com\/de\/?s={search_term_string}"},"query-input":{"@type":"PropertyValueSpecification","valueRequired":true,"valueName":"search_term_string"}}],"inLanguage":"de"},{"@type":"Organization","@id":"https:\/\/www.schwarz-matt.com\/de\/#organization","name":"Schwarz+Matt","url":"https:\/\/www.schwarz-matt.com\/de\/","logo":{"@type":"ImageObject","inLanguage":"de","@id":"https:\/\/www.schwarz-matt.com\/de\/#\/schema\/logo\/image\/","url":"https:\/\/www.schwarz-matt.com\/wp-content\/uploads\/2021\/10\/schwarzmatt-logo.svg","contentUrl":"https:\/\/www.schwarz-matt.com\/wp-content\/uploads\/2021\/10\/schwarzmatt-logo.svg","width":209,"height":24,"caption":"Schwarz+Matt"},"image":{"@id":"https:\/\/www.schwarz-matt.com\/de\/#\/schema\/logo\/image\/"},"sameAs":["https:\/\/www.instagram.com\/schwarzundmatt\/","https:\/\/www.linkedin.com\/company\/10777030\/"]}]}},"_links":{"self":[{"href":"https:\/\/www.schwarz-matt.com\/de\/wp-json\/wp\/v2\/pages\/24377","targetHints":{"allow":["GET"]}}],"collection":[{"href":"https:\/\/www.schwarz-matt.com\/de\/wp-json\/wp\/v2\/pages"}],"about":[{"href":"https:\/\/www.schwarz-matt.com\/de\/wp-json\/wp\/v2\/types\/page"}],"author":[{"embeddable":true,"href":"https:\/\/www.schwarz-matt.com\/de\/wp-json\/wp\/v2\/users\/3"}],"replies":[{"embeddable":true,"href":"https:\/\/www.schwarz-matt.com\/de\/wp-json\/wp\/v2\/comments?post=24377"}],"version-history":[{"count":0,"href":"https:\/\/www.schwarz-matt.com\/de\/wp-json\/wp\/v2\/pages\/24377\/revisions"}],"up":[{"embeddable":true,"href":"https:\/\/www.schwarz-matt.com\/de\/wp-json\/wp\/v2\/pages\/17"}],"wp:attachment":[{"href":"https:\/\/www.schwarz-matt.com\/de\/wp-json\/wp\/v2\/media?parent=24377"}],"curies":[{"name":"wp","href":"https:\/\/api.w.org\/{rel}","templated":true}]}}