{"id":12,"date":"2021-10-11T11:23:07","date_gmt":"2021-10-11T09:23:07","guid":{"rendered":"https:\/\/relaunch.schwarz-matt.com\/?page_id=12"},"modified":"2026-03-09T16:51:25","modified_gmt":"2026-03-09T15:51:25","slug":"impressum","status":"publish","type":"page","link":"https:\/\/www.schwarz-matt.com\/de\/impressum\/","title":{"rendered":"Impressum"},"content":{"rendered":"\t\t<div data-elementor-type=\"wp-page\" data-elementor-id=\"12\" class=\"elementor elementor-12\" data-elementor-post-type=\"page\">\n\t\t\t\t<div class=\"elementor-element elementor-element-42cb908 e-con-full e-flex e-con e-parent\" data-id=\"42cb908\" data-element_type=\"container\" data-e-type=\"container\" data-settings=\"{&quot;background_background&quot;:&quot;classic&quot;}\">\n\t\t<div class=\"elementor-element elementor-element-bc7ffe2 e-con-full wrapper-sm pt-300 e-flex e-con e-child\" data-id=\"bc7ffe2\" data-element_type=\"container\" data-e-type=\"container\" data-settings=\"{&quot;background_background&quot;:&quot;classic&quot;}\">\n\t\t\t\t<div class=\"elementor-element elementor-element-d387d61 h1-headline pb-100 elementor-invisible elementor-widget elementor-widget-heading\" data-id=\"d387d61\" data-element_type=\"widget\" data-e-type=\"widget\" data-settings=\"{&quot;_animation&quot;:&quot;fadeInUp&quot;}\" data-widget_type=\"heading.default\">\n\t\t\t\t<div class=\"elementor-widget-container\">\n\t\t\t\t\t<h1 class=\"elementor-heading-title elementor-size-default\">Impressum<\/h1>\t\t\t\t<\/div>\n\t\t\t\t<\/div>\n\t\t\t\t<div class=\"elementor-element elementor-element-1dc608e h2-headline elementor-invisible elementor-widget elementor-widget-heading\" data-id=\"1dc608e\" data-element_type=\"widget\" data-e-type=\"widget\" data-settings=\"{&quot;_animation&quot;:&quot;fadeInUp&quot;}\" data-widget_type=\"heading.default\">\n\t\t\t\t<div class=\"elementor-widget-container\">\n\t\t\t\t\t<h2 class=\"elementor-heading-title elementor-size-default\">Angaben gem\u00e4\u00df \u00a7 5 DDG<\/h2>\t\t\t\t<\/div>\n\t\t\t\t<\/div>\n\t\t\t\t<\/div>\n\t\t<div class=\"elementor-element elementor-element-1c0656b e-con-full wrapper-sm pt-300 e-flex e-con e-child\" data-id=\"1c0656b\" data-element_type=\"container\" data-e-type=\"container\" data-settings=\"{&quot;background_background&quot;:&quot;classic&quot;}\">\n\t\t\t\t<div class=\"elementor-element elementor-element-f026534 bodytext elementor-widget elementor-widget-text-editor\" data-id=\"f026534\" data-element_type=\"widget\" data-e-type=\"widget\" data-widget_type=\"text-editor.default\">\n\t\t\t\t<div class=\"elementor-widget-container\">\n\t\t\t\t\t\t\t\t\t<p>Kontakt<\/p><p>Schwarz+Matt GmbH <br \/>Westfalendamm 188 <br \/>44141 Dortmund<\/p><p>Telefon: 0231 177283-0 <br \/>E-Mail: <a href=\"mailto:info@schwarz-matt.com\">info@schwarz-matt.com <\/a><\/p><p>Gesch\u00e4ftsf\u00fchrer <br \/>Andr\u00e9 Schirmer, Maximilian Kersten<\/p><p>Registereintrag <br \/>Registergericht: Amtsgericht Dortmund <br \/>Registernummer: HRB 28325<\/p><p>Umsatzsteuer-Identifikationsnummer <br \/>DE306317263<\/p><p>Marke <br \/>Schwarz+Matt ist eine beim Deutschen Patent- und Markenamt eingetragene Marke.<\/p><p>Streitschlichtung <br \/>Die Europ\u00e4ische Kommission stellt eine Plattform zur Online-Streitbeilegung (OS) bereit. Unsere E-Mail-Adresse finden Sie oben im Impressum. Wir sind nicht bereit oder verpflichtet, an Streitbeilegungsverfahren vor einer Verbraucherschlichtungsstelle teilzunehmen. Zur Online-Streitbeilegung geht es hier: <a href=\"https:\/\/ec.europa.eu\/consumers\/odr\" target=\"_blank\" rel=\"noopener\">https:\/\/ec.europa.eu\/consumers\/odr <\/a>.<\/p><p>Haftung f\u00fcr Inhalte <br \/>Als Diensteanbieter sind wir f\u00fcr eigene Inhalte auf diesen Seiten nach den allgemeinen Gesetzen verantwortlich. Wir sind jedoch nicht verpflichtet, \u00fcbermittelte oder gespeicherte fremde Informationen zu \u00fcberwachen oder nach Umst\u00e4nden zu forschen, die auf eine rechtswidrige T\u00e4tigkeit hinweisen. Verpflichtungen zur Entfernung oder Sperrung der Nutzung von Informationen nach den allgemeinen Gesetzen bleiben hiervon unber\u00fchrt.<\/p><p>Haftung f\u00fcr Links <br \/>Unser Angebot enth\u00e4lt Links zu externen Websites Dritter, auf deren Inhalte wir keinen Einfluss haben. Deshalb k\u00f6nnen wir f\u00fcr diese fremden Inhalte auch keine Gew\u00e4hr \u00fcbernehmen. F\u00fcr die Inhalte der verlinkten Seiten ist stets der jeweilige Anbieter oder Betreiber der Seiten verantwortlich. Die verlinkten Seiten wurden zum Zeitpunkt der Verlinkung auf m\u00f6gliche Rechtsverst\u00f6\u00dfe \u00fcberpr\u00fcft. Rechtswidrige Inhalte waren zum Zeitpunkt der Verlinkung nicht erkennbar.<\/p><p>Urheberrecht <br \/>Die durch die Seitenbetreiber erstellten Inhalte und Werke auf diesen Seiten unterliegen dem deutschen Urheberrecht. Die Vervielf\u00e4ltigung, Bearbeitung, Verbreitung und jede Art der Verwertung au\u00dferhalb der Grenzen des Urheberrechtes bed\u00fcrfen der schriftlichen Zustimmung des jeweiligen Autors bzw. Erstellers. Downloads und Kopien dieser Seite sind nur f\u00fcr den privaten, nicht kommerziellen Gebrauch gestattet. Soweit die Inhalte auf dieser Seite nicht vom Betreiber erstellt wurden, werden die Urheberrechte Dritter beachtet. Insbesondere werden Inhalte Dritter als solche gekennzeichnet. Sollten Sie trotzdem auf eine Urheberrechtsverletzung aufmerksam werden, bitten wir um einen entsprechenden Hinweis. Bei Bekanntwerden von Rechtsverletzungen werden wir derartige Inhalte umgehend entfernen.<\/p>\t\t\t\t\t\t\t\t<\/div>\n\t\t\t\t<\/div>\n\t\t\t\t<\/div>\n\t\t\t\t<\/div>\n\t\t\t\t<\/div>\n\t\t","protected":false},"excerpt":{"rendered":"<p>Impressum Angaben gem\u00e4\u00df \u00a7 5 DDG Kontakt Schwarz+Matt GmbH Westfalendamm 188 44141 Dortmund Telefon: 0231 177283-0 E-Mail: info@schwarz-matt.com Gesch\u00e4ftsf\u00fchrer Andr\u00e9 Schirmer, Maximilian Kersten Registereintrag Registergericht: Amtsgericht Dortmund Registernummer: HRB 28325 Umsatzsteuer-Identifikationsnummer DE306317263 Marke Schwarz+Matt ist eine beim Deutschen Patent- und Markenamt eingetragene Marke. Streitschlichtung Die Europ\u00e4ische Kommission stellt eine Plattform zur Online-Streitbeilegung (OS) bereit. Unsere [&hellip;]<\/p>\n","protected":false},"author":1,"featured_media":0,"parent":0,"menu_order":0,"comment_status":"closed","ping_status":"closed","template":"elementor_header_footer","meta":{"footnotes":""},"class_list":["post-12","page","type-page","status-publish","hentry"],"yoast_head":"<!-- This site is optimized with the Yoast SEO Premium plugin v27.1 (Yoast SEO v27.3) - https:\/\/yoast.com\/product\/yoast-seo-premium-wordpress\/ -->\n<title>Impressum - Schwarz+Matt<\/title>\n<meta name=\"description\" content=\"Das Impressum gibt einen \u00dcberblick \u00fcber alle vorgeschriebenen Angaben und Informationen gem\u00e4\u00df \u00a7 5 DDG.\" \/>\n<meta name=\"robots\" content=\"index, follow, max-snippet:-1, max-image-preview:large, max-video-preview:-1\" \/>\n<link rel=\"canonical\" href=\"https:\/\/www.schwarz-matt.com\/de\/impressum\/\" \/>\n<meta property=\"og:locale\" content=\"de_DE\" \/>\n<meta property=\"og:type\" content=\"article\" \/>\n<meta property=\"og:title\" content=\"Impressum\" \/>\n<meta property=\"og:description\" content=\"Das Impressum gibt einen \u00dcberblick \u00fcber alle vorgeschriebenen Angaben und Informationen gem\u00e4\u00df \u00a7 5 DDG.\" \/>\n<meta property=\"og:url\" content=\"https:\/\/www.schwarz-matt.com\/de\/impressum\/\" \/>\n<meta property=\"og:site_name\" content=\"Schwarz+Matt\" \/>\n<meta property=\"article:modified_time\" content=\"2026-03-09T15:51:25+00:00\" \/>\n<meta name=\"twitter:card\" content=\"summary_large_image\" \/>\n<meta name=\"twitter:label1\" content=\"Gesch\u00e4tzte Lesezeit\" \/>\n\t<meta name=\"twitter:data1\" content=\"2\u00a0Minuten\" \/>\n<script type=\"application\/ld+json\" class=\"yoast-schema-graph\">{\"@context\":\"https:\\\/\\\/schema.org\",\"@graph\":[{\"@type\":\"WebPage\",\"@id\":\"https:\\\/\\\/www.schwarz-matt.com\\\/de\\\/impressum\\\/\",\"url\":\"https:\\\/\\\/www.schwarz-matt.com\\\/de\\\/impressum\\\/\",\"name\":\"Impressum - Schwarz+Matt\",\"isPartOf\":{\"@id\":\"https:\\\/\\\/www.schwarz-matt.com\\\/de\\\/#website\"},\"datePublished\":\"2021-10-11T09:23:07+00:00\",\"dateModified\":\"2026-03-09T15:51:25+00:00\",\"description\":\"Das Impressum gibt einen \u00dcberblick \u00fcber alle vorgeschriebenen Angaben und Informationen gem\u00e4\u00df \u00a7 5 DDG.\",\"breadcrumb\":{\"@id\":\"https:\\\/\\\/www.schwarz-matt.com\\\/de\\\/impressum\\\/#breadcrumb\"},\"inLanguage\":\"de\",\"potentialAction\":[{\"@type\":\"ReadAction\",\"target\":[\"https:\\\/\\\/www.schwarz-matt.com\\\/de\\\/impressum\\\/\"]}]},{\"@type\":\"BreadcrumbList\",\"@id\":\"https:\\\/\\\/www.schwarz-matt.com\\\/de\\\/impressum\\\/#breadcrumb\",\"itemListElement\":[{\"@type\":\"ListItem\",\"position\":1,\"name\":\"Startseite\",\"item\":\"https:\\\/\\\/www.schwarz-matt.com\\\/de\\\/\"},{\"@type\":\"ListItem\",\"position\":2,\"name\":\"Impressum\"}]},{\"@type\":\"WebSite\",\"@id\":\"https:\\\/\\\/www.schwarz-matt.com\\\/de\\\/#website\",\"url\":\"https:\\\/\\\/www.schwarz-matt.com\\\/de\\\/\",\"name\":\"Schwarz+Matt\",\"description\":\"Marken f\u00fcr Morgen\",\"publisher\":{\"@id\":\"https:\\\/\\\/www.schwarz-matt.com\\\/de\\\/#organization\"},\"potentialAction\":[{\"@type\":\"SearchAction\",\"target\":{\"@type\":\"EntryPoint\",\"urlTemplate\":\"https:\\\/\\\/www.schwarz-matt.com\\\/de\\\/?s={search_term_string}\"},\"query-input\":{\"@type\":\"PropertyValueSpecification\",\"valueRequired\":true,\"valueName\":\"search_term_string\"}}],\"inLanguage\":\"de\"},{\"@type\":\"Organization\",\"@id\":\"https:\\\/\\\/www.schwarz-matt.com\\\/de\\\/#organization\",\"name\":\"Schwarz+Matt\",\"url\":\"https:\\\/\\\/www.schwarz-matt.com\\\/de\\\/\",\"logo\":{\"@type\":\"ImageObject\",\"inLanguage\":\"de\",\"@id\":\"https:\\\/\\\/www.schwarz-matt.com\\\/de\\\/#\\\/schema\\\/logo\\\/image\\\/\",\"url\":\"https:\\\/\\\/www.schwarz-matt.com\\\/wp-content\\\/uploads\\\/2021\\\/10\\\/schwarzmatt-logo.svg\",\"contentUrl\":\"https:\\\/\\\/www.schwarz-matt.com\\\/wp-content\\\/uploads\\\/2021\\\/10\\\/schwarzmatt-logo.svg\",\"width\":209,\"height\":24,\"caption\":\"Schwarz+Matt\"},\"image\":{\"@id\":\"https:\\\/\\\/www.schwarz-matt.com\\\/de\\\/#\\\/schema\\\/logo\\\/image\\\/\"},\"sameAs\":[\"https:\\\/\\\/www.instagram.com\\\/schwarzundmatt\\\/\",\"https:\\\/\\\/www.linkedin.com\\\/company\\\/10777030\\\/\"]}]}<\/script>\n<!-- \/ Yoast SEO Premium plugin. -->","yoast_head_json":{"title":"Impressum - Schwarz+Matt","description":"Das Impressum gibt einen \u00dcberblick \u00fcber alle vorgeschriebenen Angaben und Informationen gem\u00e4\u00df \u00a7 5 DDG.","robots":{"index":"index","follow":"follow","max-snippet":"max-snippet:-1","max-image-preview":"max-image-preview:large","max-video-preview":"max-video-preview:-1"},"canonical":"https:\/\/www.schwarz-matt.com\/de\/impressum\/","og_locale":"de_DE","og_type":"article","og_title":"Impressum","og_description":"Das Impressum gibt einen \u00dcberblick \u00fcber alle vorgeschriebenen Angaben und Informationen gem\u00e4\u00df \u00a7 5 DDG.","og_url":"https:\/\/www.schwarz-matt.com\/de\/impressum\/","og_site_name":"Schwarz+Matt","article_modified_time":"2026-03-09T15:51:25+00:00","twitter_card":"summary_large_image","twitter_misc":{"Gesch\u00e4tzte Lesezeit":"2\u00a0Minuten"},"schema":{"@context":"https:\/\/schema.org","@graph":[{"@type":"WebPage","@id":"https:\/\/www.schwarz-matt.com\/de\/impressum\/","url":"https:\/\/www.schwarz-matt.com\/de\/impressum\/","name":"Impressum - Schwarz+Matt","isPartOf":{"@id":"https:\/\/www.schwarz-matt.com\/de\/#website"},"datePublished":"2021-10-11T09:23:07+00:00","dateModified":"2026-03-09T15:51:25+00:00","description":"Das Impressum gibt einen \u00dcberblick \u00fcber alle vorgeschriebenen Angaben und Informationen gem\u00e4\u00df \u00a7 5 DDG.","breadcrumb":{"@id":"https:\/\/www.schwarz-matt.com\/de\/impressum\/#breadcrumb"},"inLanguage":"de","potentialAction":[{"@type":"ReadAction","target":["https:\/\/www.schwarz-matt.com\/de\/impressum\/"]}]},{"@type":"BreadcrumbList","@id":"https:\/\/www.schwarz-matt.com\/de\/impressum\/#breadcrumb","itemListElement":[{"@type":"ListItem","position":1,"name":"Startseite","item":"https:\/\/www.schwarz-matt.com\/de\/"},{"@type":"ListItem","position":2,"name":"Impressum"}]},{"@type":"WebSite","@id":"https:\/\/www.schwarz-matt.com\/de\/#website","url":"https:\/\/www.schwarz-matt.com\/de\/","name":"Schwarz+Matt","description":"Marken f\u00fcr Morgen","publisher":{"@id":"https:\/\/www.schwarz-matt.com\/de\/#organization"},"potentialAction":[{"@type":"SearchAction","target":{"@type":"EntryPoint","urlTemplate":"https:\/\/www.schwarz-matt.com\/de\/?s={search_term_string}"},"query-input":{"@type":"PropertyValueSpecification","valueRequired":true,"valueName":"search_term_string"}}],"inLanguage":"de"},{"@type":"Organization","@id":"https:\/\/www.schwarz-matt.com\/de\/#organization","name":"Schwarz+Matt","url":"https:\/\/www.schwarz-matt.com\/de\/","logo":{"@type":"ImageObject","inLanguage":"de","@id":"https:\/\/www.schwarz-matt.com\/de\/#\/schema\/logo\/image\/","url":"https:\/\/www.schwarz-matt.com\/wp-content\/uploads\/2021\/10\/schwarzmatt-logo.svg","contentUrl":"https:\/\/www.schwarz-matt.com\/wp-content\/uploads\/2021\/10\/schwarzmatt-logo.svg","width":209,"height":24,"caption":"Schwarz+Matt"},"image":{"@id":"https:\/\/www.schwarz-matt.com\/de\/#\/schema\/logo\/image\/"},"sameAs":["https:\/\/www.instagram.com\/schwarzundmatt\/","https:\/\/www.linkedin.com\/company\/10777030\/"]}]}},"_links":{"self":[{"href":"https:\/\/www.schwarz-matt.com\/de\/wp-json\/wp\/v2\/pages\/12","targetHints":{"allow":["GET"]}}],"collection":[{"href":"https:\/\/www.schwarz-matt.com\/de\/wp-json\/wp\/v2\/pages"}],"about":[{"href":"https:\/\/www.schwarz-matt.com\/de\/wp-json\/wp\/v2\/types\/page"}],"author":[{"embeddable":true,"href":"https:\/\/www.schwarz-matt.com\/de\/wp-json\/wp\/v2\/users\/1"}],"replies":[{"embeddable":true,"href":"https:\/\/www.schwarz-matt.com\/de\/wp-json\/wp\/v2\/comments?post=12"}],"version-history":[{"count":15,"href":"https:\/\/www.schwarz-matt.com\/de\/wp-json\/wp\/v2\/pages\/12\/revisions"}],"predecessor-version":[{"id":42031,"href":"https:\/\/www.schwarz-matt.com\/de\/wp-json\/wp\/v2\/pages\/12\/revisions\/42031"}],"wp:attachment":[{"href":"https:\/\/www.schwarz-matt.com\/de\/wp-json\/wp\/v2\/media?parent=12"}],"curies":[{"name":"wp","href":"https:\/\/api.w.org\/{rel}","templated":true}]}}